{"id":33,"date":"2022-09-19T11:04:34","date_gmt":"2022-09-19T11:04:34","guid":{"rendered":"https:\/\/lamaisonblanchedemartue.com\/?page_id=33"},"modified":"2023-03-28T09:30:56","modified_gmt":"2023-03-28T09:30:56","slug":"politique-de-cookies","status":"publish","type":"page","link":"https:\/\/lamaisonblanchedemartue.com\/en\/politique-de-cookies\/","title":{"rendered":"Politique de Cookies"},"content":{"rendered":"\t\t<div data-elementor-type=\"wp-page\" data-elementor-id=\"33\" class=\"elementor elementor-33\" data-elementor-post-type=\"page\">\n\t\t\t\t<div class=\"elementor-element elementor-element-5f8bdb8 e-flex e-con-boxed e-con e-parent\" data-id=\"5f8bdb8\" data-element_type=\"container\" data-e-type=\"container\">\n\t\t\t\t\t<div class=\"e-con-inner\">\n\t\t\t\t<div class=\"elementor-element elementor-element-29d2645 elementor-widget elementor-widget-text-editor\" data-id=\"29d2645\" data-element_type=\"widget\" data-e-type=\"widget\" data-widget_type=\"text-editor.default\">\n\t\t\t\t<div class=\"elementor-widget-container\">\n\t\t\t\t\t\t\t\t\t<h1>POLITIQUE DE COOKIES<\/h1><p>https:\/\/lamaisonblanchedemartue.com<\/p><p>L&#8217;acc\u00e8s \u00e0 ce site web peut impliquer l&#8217;utilisation de cookies. Les cookies sont de petites quantit\u00e9s d&#8217;informations qui sont stock\u00e9es dans le navigateur utilis\u00e9 par chaque utilisateur &#8211; dans les diff\u00e9rents dispositifs qui peuvent \u00eatre utilis\u00e9s pour naviguer &#8211; de sorte que le serveur se souvient de certaines informations que plus tard et seulement le serveur qui l&#8217;a mis en \u0153uvre pourra lire. Les cookies facilitent la navigation, la rendent plus conviviale et n&#8217;endommagent pas l&#8217;appareil de navigation.<\/p><p>Les cookies sont des proc\u00e9dures automatiques de collecte d&#8217;informations relatives aux pr\u00e9f\u00e9rences d\u00e9termin\u00e9es par l&#8217;Utilisateur lors de sa visite sur le Site afin de le reconna\u00eetre en tant qu&#8217;Utilisateur, et de personnaliser son exp\u00e9rience et son utilisation du Site, et peuvent \u00e9galement, par exemple, aider \u00e0 identifier et \u00e0 r\u00e9soudre des erreurs.<\/p><p>Les informations recueillies par le biais des cookies peuvent inclure la date et l&#8217;heure des visites sur le site web, les pages consult\u00e9es, le temps pass\u00e9 sur le site web et les sites visit\u00e9s juste avant et juste apr\u00e8s le site web. Toutefois, aucun cookie ne permet de contacter le num\u00e9ro de t\u00e9l\u00e9phone de l&#8217;utilisateur ou tout autre moyen de contact personnel. Aucun cookie ne peut extraire des informations du disque dur de l&#8217;utilisateur ou voler des informations personnelles. Le seul moyen pour que les informations priv\u00e9es de l&#8217;utilisateur fassent partie du fichier Cookie est que l&#8217;utilisateur donne personnellement ces informations au serveur.<\/p><p>Les cookies qui permettent d&#8217;identifier une personne sont consid\u00e9r\u00e9s comme des donn\u00e9es personnelles. Par cons\u00e9quent, la politique de confidentialit\u00e9 d\u00e9crite ci-dessus s&#8217;appliquera \u00e0 eux. En ce sens, pour leur utilisation, le consentement de l&#8217;Utilisateur sera n\u00e9cessaire. Ce consentement sera communiqu\u00e9, sur la base d&#8217;un choix authentique, offert au moyen d&#8217;une d\u00e9cision affirmative et positive, avant le traitement initial, amovible et document\u00e9.<\/p><p>Biscuits personnels<\/p><p>Les cookies sont ceux qui sont envoy\u00e9s \u00e0 l&#8217;ordinateur ou au dispositif de l&#8217;Utilisateur et g\u00e9r\u00e9s exclusivement par La Maison Blanche de Martue pour le meilleur fonctionnement du Site. Les informations recueillies sont utilis\u00e9es pour am\u00e9liorer la qualit\u00e9 du site web et de son contenu ainsi que votre exp\u00e9rience en tant qu&#8217;utilisateur. Ces cookies nous permettent de reconna\u00eetre l&#8217;utilisateur comme un visiteur r\u00e9current du site web et d&#8217;adapter le contenu pour vous fournir un contenu qui correspond \u00e0 vos pr\u00e9f\u00e9rences:<\/p><p>wordpress_test_cookie: propre cookie qui enregistre votre acceptation de la politique en mati\u00e8re de cookies de https:\/\/lamaisonblanchedemartue.com. La dur\u00e9e est jusqu&#8217;\u00e0 la fin de la session.<\/p><h3>Cookies de r\u00e9seautage social<\/h3><p>La Maison Blanche de Martue int\u00e8gre des plugins de r\u00e9seau social, qui permettent d&#8217;y acc\u00e9der depuis le site web. Pour cette raison, les cookies des r\u00e9seaux sociaux peuvent \u00eatre stock\u00e9s dans le navigateur de l&#8217;utilisateur. Les propri\u00e9taires de ces r\u00e9seaux sociaux ont leurs propres politiques de protection des donn\u00e9es et de cookies, et sont responsables de leurs propres fichiers et de leurs pratiques en mati\u00e8re de confidentialit\u00e9. L&#8217;Utilisateur doit se r\u00e9f\u00e9rer \u00e0 ces politiques pour conna\u00eetre ces cookies et, le cas \u00e9ch\u00e9ant, le traitement des donn\u00e9es personnelles. \u00c0 titre d&#8217;information uniquement, les liens vers ces politiques de confidentialit\u00e9 et\/ou de cookies sont indiqu\u00e9s ci-dessous:<\/p><ul><li><b>Facebook:<\/b> https:\/\/www.facebook.com\/policies\/cookies\/<\/li><li><b>Twitter:<\/b> https:\/\/twitter.com\/es\/privacy<\/li><li><b>Instagram:<\/b> https:\/\/help.instagram.com\/1896641480634370?ref=ig<\/li><li><b>YouTube:<\/b> https:\/\/policies.google.com\/privacy?hl=es-419&amp;gl=mx<\/li><li><b>Int\u00e9r\u00eat:<\/b> https:\/\/policy.pinterest.com\/es\/privacy-policy<\/li><li><b>LinkedIn:<\/b> https:\/\/www.linkedin.com\/legal\/cookie-policy?trk=hp-cookies<\/li><\/ul><h3>D\u00e9sactivation, rejet et suppression des cookies<\/h3><p>L&#8217;utilisateur peut d\u00e9sactiver, rejeter et supprimer les cookies &#8211; totalement ou partiellement &#8211; install\u00e9s sur son appareil gr\u00e2ce \u00e0 la configuration de son navigateur (parmi lesquels figurent, par exemple, Chrome, Firefox, Safari, Explorer). \u00c0 cet \u00e9gard, les proc\u00e9dures de rejet et de suppression des cookies peuvent varier d&#8217;un navigateur Internet \u00e0 l&#8217;autre. Par cons\u00e9quent, l&#8217;utilisateur doit se r\u00e9f\u00e9rer aux instructions fournies par le navigateur Internet qu&#8217;il utilise. Si vous refusez l&#8217;utilisation de cookies &#8211; totalement ou partiellement &#8211; vous pouvez continuer \u00e0 utiliser le site web, bien que l&#8217;utilisation de certaines de ses fonctionnalit\u00e9s puisse \u00eatre limit\u00e9e.<\/p><p>Ce document sur la politique en mati\u00e8re de cookies a \u00e9t\u00e9 cr\u00e9\u00e9 \u00e0 l&#8217;aide du g\u00e9n\u00e9rateur de mod\u00e8les de politique en mati\u00e8re de cookies en ligne le 28\/3\/2023.<\/p>\t\t\t\t\t\t\t\t<\/div>\n\t\t\t\t<\/div>\n\t\t\t\t\t<\/div>\n\t\t\t\t<\/div>\n\t\t\t\t<\/div>\n\t\t","protected":false},"excerpt":{"rendered":"<p>POLITIQUE DE COOKIES https:\/\/lamaisonblanchedemartue.com L&#8217;acc\u00e8s \u00e0 ce site web peut impliquer l&#8217;utilisation de cookies. Les cookies sont de petites quantit\u00e9s d&#8217;informations qui sont stock\u00e9es dans le navigateur utilis\u00e9 par chaque utilisateur &#8211; dans les diff\u00e9rents dispositifs qui peuvent \u00eatre utilis\u00e9s pour naviguer &#8211; de sorte que le serveur se souvient de certaines informations que plus [&hellip;]<\/p>\n","protected":false},"author":1,"featured_media":0,"parent":0,"menu_order":0,"comment_status":"closed","ping_status":"closed","template":"elementor_header_footer","meta":{"footnotes":""},"class_list":["post-33","page","type-page","status-publish","hentry"],"yoast_head":"<!-- This site is optimized with the Yoast SEO plugin v27.3 - https:\/\/yoast.com\/product\/yoast-seo-wordpress\/ -->\n<title>Politique de Cookies - La maison blanche de martue english<\/title>\n<meta name=\"robots\" content=\"noindex, nofollow\" \/>\n<meta property=\"og:locale\" content=\"es_ES\" \/>\n<meta property=\"og:type\" content=\"article\" \/>\n<meta property=\"og:title\" content=\"Politique de Cookies - La maison blanche de martue english\" \/>\n<meta property=\"og:description\" content=\"POLITIQUE DE COOKIES https:\/\/lamaisonblanchedemartue.com L&#8217;acc\u00e8s \u00e0 ce site web peut impliquer l&#8217;utilisation de cookies. Les cookies sont de petites quantit\u00e9s d&#8217;informations qui sont stock\u00e9es dans le navigateur utilis\u00e9 par chaque utilisateur &#8211; dans les diff\u00e9rents dispositifs qui peuvent \u00eatre utilis\u00e9s pour naviguer &#8211; de sorte que le serveur se souvient de certaines informations que plus [&hellip;]\" \/>\n<meta property=\"og:url\" content=\"https:\/\/lamaisonblanchedemartue.com\/en\/politique-de-cookies\/\" \/>\n<meta property=\"og:site_name\" content=\"La maison blanche de martue english\" \/>\n<meta property=\"article:modified_time\" content=\"2023-03-28T09:30:56+00:00\" \/>\n<meta name=\"twitter:card\" content=\"summary_large_image\" \/>\n<meta name=\"twitter:label1\" content=\"Tiempo de lectura\" \/>\n\t<meta name=\"twitter:data1\" content=\"5 minutos\" \/>\n<script type=\"application\/ld+json\" class=\"yoast-schema-graph\">{\"@context\":\"https:\\\/\\\/schema.org\",\"@graph\":[{\"@type\":\"WebPage\",\"@id\":\"https:\\\/\\\/lamaisonblanchedemartue.com\\\/en\\\/politique-de-cookies\\\/\",\"url\":\"https:\\\/\\\/lamaisonblanchedemartue.com\\\/en\\\/politique-de-cookies\\\/\",\"name\":\"Politique de Cookies - La maison blanche de martue english\",\"isPartOf\":{\"@id\":\"https:\\\/\\\/lamaisonblanchedemartue.com\\\/en\\\/#website\"},\"datePublished\":\"2022-09-19T11:04:34+00:00\",\"dateModified\":\"2023-03-28T09:30:56+00:00\",\"breadcrumb\":{\"@id\":\"https:\\\/\\\/lamaisonblanchedemartue.com\\\/en\\\/politique-de-cookies\\\/#breadcrumb\"},\"inLanguage\":\"es\",\"potentialAction\":[{\"@type\":\"ReadAction\",\"target\":[\"https:\\\/\\\/lamaisonblanchedemartue.com\\\/en\\\/politique-de-cookies\\\/\"]}]},{\"@type\":\"BreadcrumbList\",\"@id\":\"https:\\\/\\\/lamaisonblanchedemartue.com\\\/en\\\/politique-de-cookies\\\/#breadcrumb\",\"itemListElement\":[{\"@type\":\"ListItem\",\"position\":1,\"name\":\"Portada\",\"item\":\"https:\\\/\\\/lamaisonblanchedemartue.com\\\/en\\\/\"},{\"@type\":\"ListItem\",\"position\":2,\"name\":\"Politique de Cookies\"}]},{\"@type\":\"WebSite\",\"@id\":\"https:\\\/\\\/lamaisonblanchedemartue.com\\\/en\\\/#website\",\"url\":\"https:\\\/\\\/lamaisonblanchedemartue.com\\\/en\\\/\",\"name\":\"La maison blanche de martue english\",\"description\":\"Chambres d h\u00f4tes Belgique\",\"publisher\":{\"@id\":\"https:\\\/\\\/lamaisonblanchedemartue.com\\\/en\\\/#organization\"},\"potentialAction\":[{\"@type\":\"SearchAction\",\"target\":{\"@type\":\"EntryPoint\",\"urlTemplate\":\"https:\\\/\\\/lamaisonblanchedemartue.com\\\/en\\\/?s={search_term_string}\"},\"query-input\":{\"@type\":\"PropertyValueSpecification\",\"valueRequired\":true,\"valueName\":\"search_term_string\"}}],\"inLanguage\":\"es\"},{\"@type\":\"Organization\",\"@id\":\"https:\\\/\\\/lamaisonblanchedemartue.com\\\/en\\\/#organization\",\"name\":\"La maison blanche de martue english\",\"url\":\"https:\\\/\\\/lamaisonblanchedemartue.com\\\/en\\\/\",\"logo\":{\"@type\":\"ImageObject\",\"inLanguage\":\"es\",\"@id\":\"https:\\\/\\\/lamaisonblanchedemartue.com\\\/en\\\/#\\\/schema\\\/logo\\\/image\\\/\",\"url\":\"https:\\\/\\\/lamaisonblanchedemartue.com\\\/en\\\/wp-content\\\/uploads\\\/sites\\\/2\\\/Maison-Blanche-de-Martue-Logo-Blanco.webp\",\"contentUrl\":\"https:\\\/\\\/lamaisonblanchedemartue.com\\\/en\\\/wp-content\\\/uploads\\\/sites\\\/2\\\/Maison-Blanche-de-Martue-Logo-Blanco.webp\",\"width\":1000,\"height\":562,\"caption\":\"La maison blanche de martue english\"},\"image\":{\"@id\":\"https:\\\/\\\/lamaisonblanchedemartue.com\\\/en\\\/#\\\/schema\\\/logo\\\/image\\\/\"}}]}<\/script>\n<!-- \/ Yoast SEO plugin. -->","yoast_head_json":{"title":"Politique de Cookies - La maison blanche de martue english","robots":{"index":"noindex","follow":"nofollow"},"og_locale":"es_ES","og_type":"article","og_title":"Politique de Cookies - La maison blanche de martue english","og_description":"POLITIQUE DE COOKIES https:\/\/lamaisonblanchedemartue.com L&#8217;acc\u00e8s \u00e0 ce site web peut impliquer l&#8217;utilisation de cookies. Les cookies sont de petites quantit\u00e9s d&#8217;informations qui sont stock\u00e9es dans le navigateur utilis\u00e9 par chaque utilisateur &#8211; dans les diff\u00e9rents dispositifs qui peuvent \u00eatre utilis\u00e9s pour naviguer &#8211; de sorte que le serveur se souvient de certaines informations que plus [&hellip;]","og_url":"https:\/\/lamaisonblanchedemartue.com\/en\/politique-de-cookies\/","og_site_name":"La maison blanche de martue english","article_modified_time":"2023-03-28T09:30:56+00:00","twitter_card":"summary_large_image","twitter_misc":{"Tiempo de lectura":"5 minutos"},"schema":{"@context":"https:\/\/schema.org","@graph":[{"@type":"WebPage","@id":"https:\/\/lamaisonblanchedemartue.com\/en\/politique-de-cookies\/","url":"https:\/\/lamaisonblanchedemartue.com\/en\/politique-de-cookies\/","name":"Politique de Cookies - La maison blanche de martue english","isPartOf":{"@id":"https:\/\/lamaisonblanchedemartue.com\/en\/#website"},"datePublished":"2022-09-19T11:04:34+00:00","dateModified":"2023-03-28T09:30:56+00:00","breadcrumb":{"@id":"https:\/\/lamaisonblanchedemartue.com\/en\/politique-de-cookies\/#breadcrumb"},"inLanguage":"es","potentialAction":[{"@type":"ReadAction","target":["https:\/\/lamaisonblanchedemartue.com\/en\/politique-de-cookies\/"]}]},{"@type":"BreadcrumbList","@id":"https:\/\/lamaisonblanchedemartue.com\/en\/politique-de-cookies\/#breadcrumb","itemListElement":[{"@type":"ListItem","position":1,"name":"Portada","item":"https:\/\/lamaisonblanchedemartue.com\/en\/"},{"@type":"ListItem","position":2,"name":"Politique de Cookies"}]},{"@type":"WebSite","@id":"https:\/\/lamaisonblanchedemartue.com\/en\/#website","url":"https:\/\/lamaisonblanchedemartue.com\/en\/","name":"La maison blanche de martue english","description":"Chambres d h\u00f4tes Belgique","publisher":{"@id":"https:\/\/lamaisonblanchedemartue.com\/en\/#organization"},"potentialAction":[{"@type":"SearchAction","target":{"@type":"EntryPoint","urlTemplate":"https:\/\/lamaisonblanchedemartue.com\/en\/?s={search_term_string}"},"query-input":{"@type":"PropertyValueSpecification","valueRequired":true,"valueName":"search_term_string"}}],"inLanguage":"es"},{"@type":"Organization","@id":"https:\/\/lamaisonblanchedemartue.com\/en\/#organization","name":"La maison blanche de martue english","url":"https:\/\/lamaisonblanchedemartue.com\/en\/","logo":{"@type":"ImageObject","inLanguage":"es","@id":"https:\/\/lamaisonblanchedemartue.com\/en\/#\/schema\/logo\/image\/","url":"https:\/\/lamaisonblanchedemartue.com\/en\/wp-content\/uploads\/sites\/2\/Maison-Blanche-de-Martue-Logo-Blanco.webp","contentUrl":"https:\/\/lamaisonblanchedemartue.com\/en\/wp-content\/uploads\/sites\/2\/Maison-Blanche-de-Martue-Logo-Blanco.webp","width":1000,"height":562,"caption":"La maison blanche de martue english"},"image":{"@id":"https:\/\/lamaisonblanchedemartue.com\/en\/#\/schema\/logo\/image\/"}}]}},"_links":{"self":[{"href":"https:\/\/lamaisonblanchedemartue.com\/en\/wp-json\/wp\/v2\/pages\/33","targetHints":{"allow":["GET"]}}],"collection":[{"href":"https:\/\/lamaisonblanchedemartue.com\/en\/wp-json\/wp\/v2\/pages"}],"about":[{"href":"https:\/\/lamaisonblanchedemartue.com\/en\/wp-json\/wp\/v2\/types\/page"}],"author":[{"embeddable":true,"href":"https:\/\/lamaisonblanchedemartue.com\/en\/wp-json\/wp\/v2\/users\/1"}],"replies":[{"embeddable":true,"href":"https:\/\/lamaisonblanchedemartue.com\/en\/wp-json\/wp\/v2\/comments?post=33"}],"version-history":[{"count":14,"href":"https:\/\/lamaisonblanchedemartue.com\/en\/wp-json\/wp\/v2\/pages\/33\/revisions"}],"predecessor-version":[{"id":2929,"href":"https:\/\/lamaisonblanchedemartue.com\/en\/wp-json\/wp\/v2\/pages\/33\/revisions\/2929"}],"wp:attachment":[{"href":"https:\/\/lamaisonblanchedemartue.com\/en\/wp-json\/wp\/v2\/media?parent=33"}],"curies":[{"name":"wp","href":"https:\/\/api.w.org\/{rel}","templated":true}]}}