{"id":3097,"date":"2022-09-19T11:03:22","date_gmt":"2022-09-19T11:03:22","guid":{"rendered":"https:\/\/lamaisonblanchedemartue.com\/avis-juridique-2\/"},"modified":"2023-11-07T15:33:42","modified_gmt":"2023-11-07T15:33:42","slug":"conditions-de-reservation","status":"publish","type":"page","link":"https:\/\/lamaisonblanchedemartue.com\/en\/conditions-de-reservation\/","title":{"rendered":"Conditions de r\u00e9servation"},"content":{"rendered":"\t\t<div data-elementor-type=\"wp-page\" data-elementor-id=\"3097\" class=\"elementor elementor-3097\" data-elementor-post-type=\"page\">\n\t\t\t\t<div class=\"elementor-element elementor-element-fd066c8 e-flex e-con-boxed e-con e-parent\" data-id=\"fd066c8\" data-element_type=\"container\" data-e-type=\"container\">\n\t\t\t\t\t<div class=\"e-con-inner\">\n\t\t\t\t<div class=\"elementor-element elementor-element-b725289 elementor-widget elementor-widget-text-editor\" data-id=\"b725289\" data-element_type=\"widget\" data-e-type=\"widget\" data-widget_type=\"text-editor.default\">\n\t\t\t\t<div class=\"elementor-widget-container\">\n\t\t\t\t\t\t\t\t\t<h1 style=\"text-align: left;\">CONDITIONS DE R\u00c9SERVATION<\/h1><h4><strong>https:\/\/lamaisonblanchedemartue.com<\/strong><\/h4><ul><li><em>Le client devra player le montant total de la chambre (100%) lors de la r\u00e9servation . Le petit d\u00e9jeuner n\u2019est pas compris et sera r\u00e9gl\u00e9 s\u00e9par\u00e9ment .<\/em><\/li><li><em>La Maison Blanche est r\u00e9serv\u00e9e \u00e1 un public de plus de 18 ans.<\/em><\/li><li><em>L\u00b4 ensemble de l\u2019\u00e9tablissement est non-fumeurs sauf des zones am\u00e9nag\u00e9es \u00e1 cet effet \u00e1 l\u00b4exterieur.<\/em><\/li><li><em>Les animaux de compagnie ne sont pas admis.<\/em><\/li><li><em>Le check-in se d\u00e9roule entre 16h et 19h pm et le check-out avant 11h am.<\/em><\/li><\/ul>\t\t\t\t\t\t\t\t<\/div>\n\t\t\t\t<\/div>\n\t\t\t\t\t<\/div>\n\t\t\t\t<\/div>\n\t\t\t\t<\/div>\n\t\t","protected":false},"excerpt":{"rendered":"<p>CONDITIONS DE R\u00c9SERVATION https:\/\/lamaisonblanchedemartue.com Le client devra player le montant total de la chambre (100%) lors de la r\u00e9servation . Le petit d\u00e9jeuner n\u2019est pas compris et sera r\u00e9gl\u00e9 s\u00e9par\u00e9ment . La Maison Blanche est r\u00e9serv\u00e9e \u00e1 un public de plus de 18 ans. L\u00b4 ensemble de l\u2019\u00e9tablissement est non-fumeurs sauf des zones am\u00e9nag\u00e9es \u00e1 [&hellip;]<\/p>\n","protected":false},"author":1,"featured_media":0,"parent":0,"menu_order":0,"comment_status":"closed","ping_status":"closed","template":"elementor_header_footer","meta":{"footnotes":""},"class_list":["post-3097","page","type-page","status-publish","hentry"],"yoast_head":"<!-- This site is optimized with the Yoast SEO plugin v27.4 - https:\/\/yoast.com\/product\/yoast-seo-wordpress\/ -->\n<title>Conditions de r\u00e9servation - La maison blanche de martue english<\/title>\n<meta name=\"robots\" content=\"noindex, nofollow\" \/>\n<meta property=\"og:locale\" content=\"es_ES\" \/>\n<meta property=\"og:type\" content=\"article\" \/>\n<meta property=\"og:title\" content=\"Conditions de r\u00e9servation - La maison blanche de martue english\" \/>\n<meta property=\"og:description\" content=\"CONDITIONS DE R\u00c9SERVATION https:\/\/lamaisonblanchedemartue.com Le client devra player le montant total de la chambre (100%) lors de la r\u00e9servation . Le petit d\u00e9jeuner n\u2019est pas compris et sera r\u00e9gl\u00e9 s\u00e9par\u00e9ment . La Maison Blanche est r\u00e9serv\u00e9e \u00e1 un public de plus de 18 ans. L\u00b4 ensemble de l\u2019\u00e9tablissement est non-fumeurs sauf des zones am\u00e9nag\u00e9es \u00e1 [&hellip;]\" \/>\n<meta property=\"og:url\" content=\"https:\/\/lamaisonblanchedemartue.com\/en\/conditions-de-reservation\/\" \/>\n<meta property=\"og:site_name\" content=\"La maison blanche de martue english\" \/>\n<meta property=\"article:modified_time\" content=\"2023-11-07T15:33:42+00:00\" \/>\n<meta name=\"twitter:card\" content=\"summary_large_image\" \/>\n<meta name=\"twitter:label1\" content=\"Tiempo de lectura\" \/>\n\t<meta name=\"twitter:data1\" content=\"1 minuto\" \/>\n<script type=\"application\/ld+json\" class=\"yoast-schema-graph\">{\"@context\":\"https:\\\/\\\/schema.org\",\"@graph\":[{\"@type\":\"WebPage\",\"@id\":\"https:\\\/\\\/lamaisonblanchedemartue.com\\\/en\\\/conditions-de-reservation\\\/\",\"url\":\"https:\\\/\\\/lamaisonblanchedemartue.com\\\/en\\\/conditions-de-reservation\\\/\",\"name\":\"Conditions de r\u00e9servation - La maison blanche de martue english\",\"isPartOf\":{\"@id\":\"https:\\\/\\\/lamaisonblanchedemartue.com\\\/en\\\/#website\"},\"datePublished\":\"2022-09-19T11:03:22+00:00\",\"dateModified\":\"2023-11-07T15:33:42+00:00\",\"breadcrumb\":{\"@id\":\"https:\\\/\\\/lamaisonblanchedemartue.com\\\/en\\\/conditions-de-reservation\\\/#breadcrumb\"},\"inLanguage\":\"es\",\"potentialAction\":[{\"@type\":\"ReadAction\",\"target\":[\"https:\\\/\\\/lamaisonblanchedemartue.com\\\/en\\\/conditions-de-reservation\\\/\"]}]},{\"@type\":\"BreadcrumbList\",\"@id\":\"https:\\\/\\\/lamaisonblanchedemartue.com\\\/en\\\/conditions-de-reservation\\\/#breadcrumb\",\"itemListElement\":[{\"@type\":\"ListItem\",\"position\":1,\"name\":\"Portada\",\"item\":\"https:\\\/\\\/lamaisonblanchedemartue.com\\\/en\\\/\"},{\"@type\":\"ListItem\",\"position\":2,\"name\":\"Conditions de r\u00e9servation\"}]},{\"@type\":\"WebSite\",\"@id\":\"https:\\\/\\\/lamaisonblanchedemartue.com\\\/en\\\/#website\",\"url\":\"https:\\\/\\\/lamaisonblanchedemartue.com\\\/en\\\/\",\"name\":\"La maison blanche de martue english\",\"description\":\"Chambres d h\u00f4tes Belgique\",\"publisher\":{\"@id\":\"https:\\\/\\\/lamaisonblanchedemartue.com\\\/en\\\/#organization\"},\"potentialAction\":[{\"@type\":\"SearchAction\",\"target\":{\"@type\":\"EntryPoint\",\"urlTemplate\":\"https:\\\/\\\/lamaisonblanchedemartue.com\\\/en\\\/?s={search_term_string}\"},\"query-input\":{\"@type\":\"PropertyValueSpecification\",\"valueRequired\":true,\"valueName\":\"search_term_string\"}}],\"inLanguage\":\"es\"},{\"@type\":\"Organization\",\"@id\":\"https:\\\/\\\/lamaisonblanchedemartue.com\\\/en\\\/#organization\",\"name\":\"La maison blanche de martue english\",\"url\":\"https:\\\/\\\/lamaisonblanchedemartue.com\\\/en\\\/\",\"logo\":{\"@type\":\"ImageObject\",\"inLanguage\":\"es\",\"@id\":\"https:\\\/\\\/lamaisonblanchedemartue.com\\\/en\\\/#\\\/schema\\\/logo\\\/image\\\/\",\"url\":\"https:\\\/\\\/lamaisonblanchedemartue.com\\\/en\\\/wp-content\\\/uploads\\\/sites\\\/2\\\/Maison-Blanche-de-Martue-Logo-Blanco.webp\",\"contentUrl\":\"https:\\\/\\\/lamaisonblanchedemartue.com\\\/en\\\/wp-content\\\/uploads\\\/sites\\\/2\\\/Maison-Blanche-de-Martue-Logo-Blanco.webp\",\"width\":1000,\"height\":562,\"caption\":\"La maison blanche de martue english\"},\"image\":{\"@id\":\"https:\\\/\\\/lamaisonblanchedemartue.com\\\/en\\\/#\\\/schema\\\/logo\\\/image\\\/\"}}]}<\/script>\n<!-- \/ Yoast SEO plugin. -->","yoast_head_json":{"title":"Conditions de r\u00e9servation - La maison blanche de martue english","robots":{"index":"noindex","follow":"nofollow"},"og_locale":"es_ES","og_type":"article","og_title":"Conditions de r\u00e9servation - La maison blanche de martue english","og_description":"CONDITIONS DE R\u00c9SERVATION https:\/\/lamaisonblanchedemartue.com Le client devra player le montant total de la chambre (100%) lors de la r\u00e9servation . Le petit d\u00e9jeuner n\u2019est pas compris et sera r\u00e9gl\u00e9 s\u00e9par\u00e9ment . La Maison Blanche est r\u00e9serv\u00e9e \u00e1 un public de plus de 18 ans. L\u00b4 ensemble de l\u2019\u00e9tablissement est non-fumeurs sauf des zones am\u00e9nag\u00e9es \u00e1 [&hellip;]","og_url":"https:\/\/lamaisonblanchedemartue.com\/en\/conditions-de-reservation\/","og_site_name":"La maison blanche de martue english","article_modified_time":"2023-11-07T15:33:42+00:00","twitter_card":"summary_large_image","twitter_misc":{"Tiempo de lectura":"1 minuto"},"schema":{"@context":"https:\/\/schema.org","@graph":[{"@type":"WebPage","@id":"https:\/\/lamaisonblanchedemartue.com\/en\/conditions-de-reservation\/","url":"https:\/\/lamaisonblanchedemartue.com\/en\/conditions-de-reservation\/","name":"Conditions de r\u00e9servation - La maison blanche de martue english","isPartOf":{"@id":"https:\/\/lamaisonblanchedemartue.com\/en\/#website"},"datePublished":"2022-09-19T11:03:22+00:00","dateModified":"2023-11-07T15:33:42+00:00","breadcrumb":{"@id":"https:\/\/lamaisonblanchedemartue.com\/en\/conditions-de-reservation\/#breadcrumb"},"inLanguage":"es","potentialAction":[{"@type":"ReadAction","target":["https:\/\/lamaisonblanchedemartue.com\/en\/conditions-de-reservation\/"]}]},{"@type":"BreadcrumbList","@id":"https:\/\/lamaisonblanchedemartue.com\/en\/conditions-de-reservation\/#breadcrumb","itemListElement":[{"@type":"ListItem","position":1,"name":"Portada","item":"https:\/\/lamaisonblanchedemartue.com\/en\/"},{"@type":"ListItem","position":2,"name":"Conditions de r\u00e9servation"}]},{"@type":"WebSite","@id":"https:\/\/lamaisonblanchedemartue.com\/en\/#website","url":"https:\/\/lamaisonblanchedemartue.com\/en\/","name":"La maison blanche de martue english","description":"Chambres d h\u00f4tes Belgique","publisher":{"@id":"https:\/\/lamaisonblanchedemartue.com\/en\/#organization"},"potentialAction":[{"@type":"SearchAction","target":{"@type":"EntryPoint","urlTemplate":"https:\/\/lamaisonblanchedemartue.com\/en\/?s={search_term_string}"},"query-input":{"@type":"PropertyValueSpecification","valueRequired":true,"valueName":"search_term_string"}}],"inLanguage":"es"},{"@type":"Organization","@id":"https:\/\/lamaisonblanchedemartue.com\/en\/#organization","name":"La maison blanche de martue english","url":"https:\/\/lamaisonblanchedemartue.com\/en\/","logo":{"@type":"ImageObject","inLanguage":"es","@id":"https:\/\/lamaisonblanchedemartue.com\/en\/#\/schema\/logo\/image\/","url":"https:\/\/lamaisonblanchedemartue.com\/en\/wp-content\/uploads\/sites\/2\/Maison-Blanche-de-Martue-Logo-Blanco.webp","contentUrl":"https:\/\/lamaisonblanchedemartue.com\/en\/wp-content\/uploads\/sites\/2\/Maison-Blanche-de-Martue-Logo-Blanco.webp","width":1000,"height":562,"caption":"La maison blanche de martue english"},"image":{"@id":"https:\/\/lamaisonblanchedemartue.com\/en\/#\/schema\/logo\/image\/"}}]}},"_links":{"self":[{"href":"https:\/\/lamaisonblanchedemartue.com\/en\/wp-json\/wp\/v2\/pages\/3097","targetHints":{"allow":["GET"]}}],"collection":[{"href":"https:\/\/lamaisonblanchedemartue.com\/en\/wp-json\/wp\/v2\/pages"}],"about":[{"href":"https:\/\/lamaisonblanchedemartue.com\/en\/wp-json\/wp\/v2\/types\/page"}],"author":[{"embeddable":true,"href":"https:\/\/lamaisonblanchedemartue.com\/en\/wp-json\/wp\/v2\/users\/1"}],"replies":[{"embeddable":true,"href":"https:\/\/lamaisonblanchedemartue.com\/en\/wp-json\/wp\/v2\/comments?post=3097"}],"version-history":[{"count":7,"href":"https:\/\/lamaisonblanchedemartue.com\/en\/wp-json\/wp\/v2\/pages\/3097\/revisions"}],"predecessor-version":[{"id":3396,"href":"https:\/\/lamaisonblanchedemartue.com\/en\/wp-json\/wp\/v2\/pages\/3097\/revisions\/3396"}],"wp:attachment":[{"href":"https:\/\/lamaisonblanchedemartue.com\/en\/wp-json\/wp\/v2\/media?parent=3097"}],"curies":[{"name":"wp","href":"https:\/\/api.w.org\/{rel}","templated":true}]}}