{"id":27,"date":"2022-09-19T11:03:22","date_gmt":"2022-09-19T11:03:22","guid":{"rendered":"https:\/\/lamaisonblanchedemartue.com\/?page_id=27"},"modified":"2023-03-28T09:28:30","modified_gmt":"2023-03-28T09:28:30","slug":"avis-juridique","status":"publish","type":"page","link":"https:\/\/lamaisonblanchedemartue.com\/en\/avis-juridique\/","title":{"rendered":"Avis Juridique"},"content":{"rendered":"\t\t<div data-elementor-type=\"wp-page\" data-elementor-id=\"27\" class=\"elementor elementor-27\" data-elementor-post-type=\"page\">\n\t\t\t\t<div class=\"elementor-element elementor-element-fd066c8 e-flex e-con-boxed e-con e-parent\" data-id=\"fd066c8\" data-element_type=\"container\" data-e-type=\"container\">\n\t\t\t\t\t<div class=\"e-con-inner\">\n\t\t\t\t<div class=\"elementor-element elementor-element-b725289 elementor-widget elementor-widget-text-editor\" data-id=\"b725289\" data-element_type=\"widget\" data-e-type=\"widget\" data-widget_type=\"text-editor.default\">\n\t\t\t\t<div class=\"elementor-widget-container\">\n\t\t\t\t\t\t\t\t\t<h1>AVIS JURIDIQUE ET CONDITIONS G\u00c9N\u00c9RALES D&#8217;UTILISATION<\/h1><p>https:\/\/lamaisonblanchedemartue.com<\/p><h3>I. INFO GENERALE<\/h3><p>Conform\u00e9ment \u00e0 l&#8217;obligation d&#8217;information pr\u00e9vue par la loi 34\/2002 sur les services de la soci\u00e9t\u00e9 de l&#8217;information et du commerce \u00e9lectronique (LSSI-CE) du 11 juillet, ce site web fournit les informations g\u00e9n\u00e9rales suivantes<\/p><p>La propri\u00e9t\u00e9 de ce site web, https:\/\/lamaisonblanchedemartue.com, (ci-apr\u00e8s d\u00e9nomm\u00e9 \u00absite web\u00bb) est d\u00e9tenue par : Mayka Goyeneche, avec NIF : Mayka Goyeneche, et dont les coordonn\u00e9es sont<\/p><p>Adresse : Rue de Martu\u00e9 16, 6821 Florenville, B\u00e9lgica<\/p><p>T\u00e9l\u00e9phone de contact : +32473943274<\/p><p>Contact : lamaisonblanchedemartue@gmail.com<\/p><h3>II. CONDITIONS G\u00c9N\u00c9RALES D&#8217;UTILISATION<\/h3><p>L&#8217;objet des conditions : Le site web<\/p><p>Les pr\u00e9sentes conditions g\u00e9n\u00e9rales d&#8217;utilisation (ci-apr\u00e8s d\u00e9nomm\u00e9es \u00abconditions\u00bb) ont pour objet de r\u00e9glementer l&#8217;acc\u00e8s au site web et son utilisation. Aux fins des pr\u00e9sentes Conditions, le Site Web s&#8217;entend comme : l&#8217;aspect ext\u00e9rieur des interfaces-\u00e9crans, tant statiques que dynamiques, c&#8217;est-\u00e0-dire l&#8217;arborescence de navigation ; et tous les \u00e9l\u00e9ments int\u00e9gr\u00e9s tant dans les interfaces-\u00e9crans que dans l&#8217;arborescence de navigation (ci-apr\u00e8s, le Contenu) et tous les services ou ressources en ligne qu&#8217;il propose aux Utilisateurs (ci-apr\u00e8s, les Services).<\/p><p>La Maison Blanche de Martue se r\u00e9serve le droit de modifier, \u00e0 tout moment et sans pr\u00e9avis, la pr\u00e9sentation et la configuration du Site et des Contenus et Services qui peuvent y \u00eatre int\u00e9gr\u00e9s. L&#8217;Utilisateur reconna\u00eet et accepte qu&#8217;\u00e0 tout moment, La Maison Blanche de Martue peut interrompre, d\u00e9sactiver et\/ou annuler l&#8217;un quelconque de ces \u00e9l\u00e9ments qui sont int\u00e9gr\u00e9s dans le Site ou l&#8217;acc\u00e8s \u00e0 ceux-ci.<\/p><p>L&#8217;acc\u00e8s au site web par l&#8217;utilisateur est gratuit et, en r\u00e8gle g\u00e9n\u00e9rale, sans que l&#8217;utilisateur ait \u00e0 fournir une quelconque contrepartie pour en b\u00e9n\u00e9ficier, \u00e0 l&#8217;exception du co\u00fbt de la connexion par le r\u00e9seau de t\u00e9l\u00e9communications fourni par le fournisseur d&#8217;acc\u00e8s que l&#8217;utilisateur a contract\u00e9.<\/p><p>L&#8217;utilisation de l&#8217;un des contenus ou services du site web peut \u00eatre effectu\u00e9e par abonnement ou enregistrement pr\u00e9alable de l&#8217;utilisateur.<\/p><p>L&#8217;utilisateur<\/p><p>L&#8217;acc\u00e8s, la navigation et l&#8217;utilisation du site Web conf\u00e8re la condition d&#8217;Utilisateur, et par cons\u00e9quent, toutes les Conditions \u00e9tablies ici, ainsi que leurs modifications ult\u00e9rieures, sont accept\u00e9es \u00e0 partir du moment o\u00f9 la navigation du site Web commence, sans pr\u00e9judice de l&#8217;application des normes l\u00e9gales correspondantes de respect obligatoire selon le cas. Compte tenu de la pertinence de ce qui pr\u00e9c\u00e8de, il est recommand\u00e9 \u00e0 l&#8217;Utilisateur de les lire \u00e0 chaque fois qu&#8217;il visite le Site.<\/p><p>Le site web La Maison Blanche de Martue fournit un large \u00e9ventail d&#8217;informations, de services et de donn\u00e9es. L&#8217;utilisateur assume la responsabilit\u00e9 de l&#8217;utilisation correcte du site Web. Cette responsabilit\u00e9 s&#8217;\u00e9tend \u00e0 :<\/p><ul><li>Une utilisation des informations, du Contenu et\/ou des Services et des donn\u00e9es propos\u00e9s par La Maison Blanche de Martue sans \u00eatre contraire aux dispositions des pr\u00e9sentes Conditions, \u00e0 la Loi, \u00e0 la morale ou \u00e0 l&#8217;ordre public, ou qui de toute autre mani\u00e8re peut entra\u00eener une violation des droits de tiers ou du m\u00eame fonctionnement du Site.<\/li><li>La v\u00e9racit\u00e9 et la l\u00e9galit\u00e9 des informations fournies par l&#8217;Utilisateur dans les formulaires fournis par La Maison Blanche de Martue pour acc\u00e9der \u00e0 certains Contenus ou Services offerts par le Site. Dans tous les cas, l&#8217;Utilisateur notifiera imm\u00e9diatement \u00e0 La Maison Blanche de Martue tout fait permettant l&#8217;utilisation abusive des informations enregistr\u00e9es dans ces formulaires, tel que, mais pas seulement, le vol, la perte ou l&#8217;acc\u00e8s non autoris\u00e9 aux identifiants et\/ou aux mots de passe, afin de proc\u00e9der \u00e0 leur annulation imm\u00e9diate.<\/li><\/ul><p>Le simple acc\u00e8s \u00e0 ce site web n&#8217;implique aucun type de relation commerciale entre La Maison Blanche de Martue et l&#8217;Utilisateur.<\/p><p>Toujours en conformit\u00e9 avec la l\u00e9gislation en vigueur, ce site web La Maison Blanche de Martue s&#8217;adresse \u00e0 toutes les personnes, quel que soit leur \u00e2ge, qui peuvent acc\u00e9der et\/ou naviguer sur les pages du site.<\/p><h3>III. L&#8217;ACC\u00c8S ET LA NAVIGATION SUR LE SITE WEB : L&#8217;EXCLUSION DES GARANTIES ET DE LA RESPONSABILIT\u00c9<\/h3><p>La Maison Blanche de Martue ne garantit pas la continuit\u00e9, la disponibilit\u00e9 et l&#8217;utilit\u00e9 du site web, du contenu ou des services. La Maison Blanche de Martue fera tout son possible pour assurer le bon fonctionnement du site web, cependant, il n&#8217;accepte aucune responsabilit\u00e9 ou garantie que l&#8217;acc\u00e8s \u00e0 ce site web ne sera pas ininterrompu ou sans erreur.<\/p><p>Elle n&#8217;assume pas non plus la responsabilit\u00e9 ou la garantie que le contenu ou les logiciels accessibles par l&#8217;interm\u00e9diaire de ce site Web sont exempts d&#8217;erreurs ou causent des dommages au syst\u00e8me informatique de l&#8217;utilisateur (logiciels et mat\u00e9riel). En aucun cas, La Maison Blanche de Martue ne sera responsable des pertes, dommages ou pr\u00e9judices de toute nature r\u00e9sultant de l&#8217;acc\u00e8s, de la navigation et de l&#8217;utilisation du site web, y compris, mais sans s&#8217;y limiter, ceux caus\u00e9s aux syst\u00e8mes informatiques ou ceux caus\u00e9s par l&#8217;introduction de virus.<\/p><p>La Maison Blanche de Martue n&#8217;est pas non plus responsable des dommages qui pourraient \u00eatre caus\u00e9s aux utilisateurs par une utilisation inappropri\u00e9e de ce site web. En particulier, elle ne peut \u00eatre tenue responsable d&#8217;aucune mani\u00e8re des chutes, interruptions, absence ou d\u00e9fauts de t\u00e9l\u00e9communications qui pourraient survenir.<\/p><h3>IV. POLITIQUE DE LIAISON<\/h3><p>Il est signal\u00e9 que le site web La Maison Blanche de Martue met ou peut mettre \u00e0 la disposition des Utilisateurs des supports de liens (tels que, mais sans s&#8217;y limiter, des liens, des banni\u00e8res, des boutons), des r\u00e9pertoires et des moteurs de recherche qui permettent aux Utilisateurs d&#8217;acc\u00e9der \u00e0 des sites web d\u00e9tenus et\/ou g\u00e9r\u00e9s par des tiers.<\/p><p>L&#8217;installation de ces liens, annuaires et moteurs de recherche sur le Site est destin\u00e9e \u00e0 faciliter la recherche et l&#8217;acc\u00e8s des Utilisateurs aux informations disponibles sur Internet, sans que cela soit consid\u00e9r\u00e9 comme une suggestion, une recommandation ou une invitation \u00e0 les visiter.<\/p><p>La Maison Blanche de Martue ne propose ni ne commercialise, lui-m\u00eame ou par l&#8217;interm\u00e9diaire de tiers, les produits et\/ou services disponibles sur ces sites li\u00e9s.<\/p><p>Elle ne garantit pas non plus la disponibilit\u00e9 technique, l&#8217;exactitude, la v\u00e9racit\u00e9, la validit\u00e9 ou la l\u00e9galit\u00e9 des sites ext\u00e9rieurs \u00e0 sa propri\u00e9t\u00e9 auxquels on peut acc\u00e9der par les liens.<\/p><p>La Maison Blanche de Martue n&#8217;examinera ou ne contr\u00f4lera en aucun cas le contenu d&#8217;autres sites web, ni n&#8217;approuvera, n&#8217;examinera ou ne fera siens les produits et services, le contenu, les fichiers et tout autre mat\u00e9riel existant sur ces sites li\u00e9s.<\/p><p>La Maison Blanche de Martue n&#8217;assume aucune responsabilit\u00e9 pour les dommages pouvant d\u00e9couler de l&#8217;acc\u00e8s, de l&#8217;utilisation, de la qualit\u00e9 ou de la l\u00e9galit\u00e9 des contenus, communications, opinions, produits et services des sites web non g\u00e9r\u00e9s par La Maison Blanche de Martue et qui sont li\u00e9s \u00e0 ce site web.<\/p><p>Un utilisateur ou un tiers qui \u00e9tablit un lien hypertexte \u00e0 partir d&#8217;une page web d&#8217;un autre site web, diff\u00e9rent, vers le site web La Maison Blanche de Martue doit en \u00eatre conscient :<\/p><p>Aucune reproduction &#8211; en tout ou en partie &#8211; du contenu et\/ou des services du site web n&#8217;est autoris\u00e9e sans l&#8217;autorisation expresse de La Maison Blanche de Martue.<\/p><p>Aucune d\u00e9claration fausse, inexacte ou incorrecte concernant le site web, le contenu et\/ou les services La Maison Blanche de Martue n&#8217;est autoris\u00e9e.<\/p><p>\u00c0 l&#8217;exception du lien hypertexte, le site web sur lequel ce lien hypertexte est \u00e9tabli ne contiendra aucun \u00e9l\u00e9ment de ce site web, prot\u00e9g\u00e9 en tant que propri\u00e9t\u00e9 intellectuelle par la loi espagnole, sauf autorisation expresse de La Maison Blanche de Martue.<\/p><p>L&#8217;\u00e9tablissement de l&#8217;hyperlien n&#8217;implique pas l&#8217;existence d&#8217;une relation entre La Maison Blanche de Martue et le propri\u00e9taire du site web \u00e0 partir duquel il est r\u00e9alis\u00e9, ni la connaissance et l&#8217;acceptation par La Maison Blanche de Martue des contenus, services et\/ou activit\u00e9s offerts sur ledit site web, et vice versa.<\/p><h3>V. LA PROPRI\u00c9T\u00c9 INTELLECTUELLE ET INDUSTRIELLE<\/h3><p>La Maison Blanche de Martue est, par elle-m\u00eame ou en tant que cessionnaire, titulaire de tous les droits de propri\u00e9t\u00e9 intellectuelle et industrielle sur le site web, ainsi que sur les \u00e9l\u00e9ments qui y sont contenus (\u00e0 titre d&#8217;illustration et non exhaustif, images, sons, audio, vid\u00e9o, logiciels ou textes, marques ou logos, combinaisons de couleurs, structure et conception, s\u00e9lection des mat\u00e9riaux utilis\u00e9s, programmes informatiques n\u00e9cessaires \u00e0 son fonctionnement, acc\u00e8s et utilisation, etc.) Il s&#8217;agira donc d&#8217;\u0153uvres prot\u00e9g\u00e9es au titre de la propri\u00e9t\u00e9 intellectuelle par le syst\u00e8me juridique espagnol, \u00e9tant donn\u00e9 qu&#8217;il s&#8217;applique \u00e0 la fois \u00e0 la r\u00e9glementation espagnole et communautaire dans ce domaine, ainsi qu&#8217;aux trait\u00e9s internationaux en la mati\u00e8re sign\u00e9s par l&#8217;Espagne.<\/p><p>Tous droits r\u00e9serv\u00e9s. En vertu des dispositions de la loi sur la propri\u00e9t\u00e9 intellectuelle, la reproduction, la distribution et la communication publique, y compris la mise \u00e0 disposition de tout ou partie du contenu de ce site web, \u00e0 des fins commerciales, sur tout support et par tout moyen technique, sont express\u00e9ment interdites sans l&#8217;autorisation de La Maison Blanche de Martue.<\/p><p>L&#8217;utilisateur s&#8217;engage \u00e0 respecter les droits de propri\u00e9t\u00e9 intellectuelle et industrielle de La Maison Blanche de Martue. Vous pouvez consulter les \u00e9l\u00e9ments du site web ou m\u00eame les imprimer, les copier et les stocker sur le disque dur de votre ordinateur ou sur tout autre support physique, \u00e0 condition que ce soit exclusivement pour votre usage personnel. L&#8217;utilisateur ne peut cependant pas supprimer, modifier ou manipuler tout dispositif de protection ou syst\u00e8me de s\u00e9curit\u00e9 install\u00e9 sur le site web.<\/p><p>Dans le cas o\u00f9 l&#8217;Utilisateur ou un tiers consid\u00e8re que l&#8217;un des contenus du site Web implique une violation des droits de protection de la propri\u00e9t\u00e9 intellectuelle, l&#8217;Utilisateur doit imm\u00e9diatement en informer La Maison Blanche de Martue par le biais des coordonn\u00e9es figurant dans la section INFORMATIONS G\u00c9N\u00c9RALES du pr\u00e9sent avis juridique et des conditions g\u00e9n\u00e9rales d&#8217;utilisation.<\/p><h3>VI. ACTIONS EN JUSTICE, DROIT APPLICABLE ET JURIDICTION<\/h3><p>La Maison Blanche de Martue se r\u00e9serve le droit d&#8217;intenter toute action civile ou p\u00e9nale qu&#8217;il juge n\u00e9cessaire pour l&#8217;utilisation incorrecte du site Web et du contenu, ou pour la violation des pr\u00e9sentes conditions.<\/p><p>La relation entre l&#8217;utilisateur et La Maison Blanche de Martue sera r\u00e9gie par la r\u00e9glementation en vigueur et applicable sur le territoire espagnol. En cas de litige li\u00e9 \u00e0 l&#8217;interpr\u00e9tation et\/ou \u00e0 l&#8217;application des pr\u00e9sentes conditions, les parties soumettent leurs diff\u00e9rends \u00e0 la juridiction ordinaire des juges et tribunaux comp\u00e9tents, conform\u00e9ment \u00e0 la loi.<\/p><p>Ce document d&#8217;avis juridique et de conditions g\u00e9n\u00e9rales d&#8217;utilisation du site web a \u00e9t\u00e9 cr\u00e9\u00e9 \u00e0 l&#8217;aide du g\u00e9n\u00e9rateur de mod\u00e8le d&#8217;avis juridique et de conditions d&#8217;utilisation en ligne le 28\/3\/2023.<\/p>\t\t\t\t\t\t\t\t<\/div>\n\t\t\t\t<\/div>\n\t\t\t\t\t<\/div>\n\t\t\t\t<\/div>\n\t\t\t\t<\/div>\n\t\t","protected":false},"excerpt":{"rendered":"<p>AVIS JURIDIQUE ET CONDITIONS G\u00c9N\u00c9RALES D&#8217;UTILISATION https:\/\/lamaisonblanchedemartue.com I. INFO GENERALE Conform\u00e9ment \u00e0 l&#8217;obligation d&#8217;information pr\u00e9vue par la loi 34\/2002 sur les services de la soci\u00e9t\u00e9 de l&#8217;information et du commerce \u00e9lectronique (LSSI-CE) du 11 juillet, ce site web fournit les informations g\u00e9n\u00e9rales suivantes La propri\u00e9t\u00e9 de ce site web, https:\/\/lamaisonblanchedemartue.com, (ci-apr\u00e8s d\u00e9nomm\u00e9 \u00absite web\u00bb) est [&hellip;]<\/p>\n","protected":false},"author":1,"featured_media":0,"parent":0,"menu_order":0,"comment_status":"closed","ping_status":"closed","template":"elementor_header_footer","meta":{"footnotes":""},"class_list":["post-27","page","type-page","status-publish","hentry"],"yoast_head":"<!-- This site is optimized with the Yoast SEO plugin v27.3 - https:\/\/yoast.com\/product\/yoast-seo-wordpress\/ -->\n<title>Avis Juridique - La maison blanche de martue english<\/title>\n<meta name=\"robots\" content=\"noindex, nofollow\" \/>\n<meta property=\"og:locale\" content=\"es_ES\" \/>\n<meta property=\"og:type\" content=\"article\" \/>\n<meta property=\"og:title\" content=\"Avis Juridique - La maison blanche de martue english\" \/>\n<meta property=\"og:description\" content=\"AVIS JURIDIQUE ET CONDITIONS G\u00c9N\u00c9RALES D&#8217;UTILISATION https:\/\/lamaisonblanchedemartue.com I. INFO GENERALE Conform\u00e9ment \u00e0 l&#8217;obligation d&#8217;information pr\u00e9vue par la loi 34\/2002 sur les services de la soci\u00e9t\u00e9 de l&#8217;information et du commerce \u00e9lectronique (LSSI-CE) du 11 juillet, ce site web fournit les informations g\u00e9n\u00e9rales suivantes La propri\u00e9t\u00e9 de ce site web, https:\/\/lamaisonblanchedemartue.com, (ci-apr\u00e8s d\u00e9nomm\u00e9 \u00absite web\u00bb) est [&hellip;]\" \/>\n<meta property=\"og:url\" content=\"https:\/\/lamaisonblanchedemartue.com\/en\/avis-juridique\/\" \/>\n<meta property=\"og:site_name\" content=\"La maison blanche de martue english\" \/>\n<meta property=\"article:modified_time\" content=\"2023-03-28T09:28:30+00:00\" \/>\n<meta name=\"twitter:card\" content=\"summary_large_image\" \/>\n<meta name=\"twitter:label1\" content=\"Tiempo de lectura\" \/>\n\t<meta name=\"twitter:data1\" content=\"8 minutos\" \/>\n<script type=\"application\/ld+json\" class=\"yoast-schema-graph\">{\"@context\":\"https:\\\/\\\/schema.org\",\"@graph\":[{\"@type\":\"WebPage\",\"@id\":\"https:\\\/\\\/lamaisonblanchedemartue.com\\\/en\\\/avis-juridique\\\/\",\"url\":\"https:\\\/\\\/lamaisonblanchedemartue.com\\\/en\\\/avis-juridique\\\/\",\"name\":\"Avis Juridique - La maison blanche de martue english\",\"isPartOf\":{\"@id\":\"https:\\\/\\\/lamaisonblanchedemartue.com\\\/en\\\/#website\"},\"datePublished\":\"2022-09-19T11:03:22+00:00\",\"dateModified\":\"2023-03-28T09:28:30+00:00\",\"breadcrumb\":{\"@id\":\"https:\\\/\\\/lamaisonblanchedemartue.com\\\/en\\\/avis-juridique\\\/#breadcrumb\"},\"inLanguage\":\"es\",\"potentialAction\":[{\"@type\":\"ReadAction\",\"target\":[\"https:\\\/\\\/lamaisonblanchedemartue.com\\\/en\\\/avis-juridique\\\/\"]}]},{\"@type\":\"BreadcrumbList\",\"@id\":\"https:\\\/\\\/lamaisonblanchedemartue.com\\\/en\\\/avis-juridique\\\/#breadcrumb\",\"itemListElement\":[{\"@type\":\"ListItem\",\"position\":1,\"name\":\"Portada\",\"item\":\"https:\\\/\\\/lamaisonblanchedemartue.com\\\/en\\\/\"},{\"@type\":\"ListItem\",\"position\":2,\"name\":\"Avis Juridique\"}]},{\"@type\":\"WebSite\",\"@id\":\"https:\\\/\\\/lamaisonblanchedemartue.com\\\/en\\\/#website\",\"url\":\"https:\\\/\\\/lamaisonblanchedemartue.com\\\/en\\\/\",\"name\":\"La maison blanche de martue english\",\"description\":\"Chambres d h\u00f4tes Belgique\",\"publisher\":{\"@id\":\"https:\\\/\\\/lamaisonblanchedemartue.com\\\/en\\\/#organization\"},\"potentialAction\":[{\"@type\":\"SearchAction\",\"target\":{\"@type\":\"EntryPoint\",\"urlTemplate\":\"https:\\\/\\\/lamaisonblanchedemartue.com\\\/en\\\/?s={search_term_string}\"},\"query-input\":{\"@type\":\"PropertyValueSpecification\",\"valueRequired\":true,\"valueName\":\"search_term_string\"}}],\"inLanguage\":\"es\"},{\"@type\":\"Organization\",\"@id\":\"https:\\\/\\\/lamaisonblanchedemartue.com\\\/en\\\/#organization\",\"name\":\"La maison blanche de martue english\",\"url\":\"https:\\\/\\\/lamaisonblanchedemartue.com\\\/en\\\/\",\"logo\":{\"@type\":\"ImageObject\",\"inLanguage\":\"es\",\"@id\":\"https:\\\/\\\/lamaisonblanchedemartue.com\\\/en\\\/#\\\/schema\\\/logo\\\/image\\\/\",\"url\":\"https:\\\/\\\/lamaisonblanchedemartue.com\\\/en\\\/wp-content\\\/uploads\\\/sites\\\/2\\\/Maison-Blanche-de-Martue-Logo-Blanco.webp\",\"contentUrl\":\"https:\\\/\\\/lamaisonblanchedemartue.com\\\/en\\\/wp-content\\\/uploads\\\/sites\\\/2\\\/Maison-Blanche-de-Martue-Logo-Blanco.webp\",\"width\":1000,\"height\":562,\"caption\":\"La maison blanche de martue english\"},\"image\":{\"@id\":\"https:\\\/\\\/lamaisonblanchedemartue.com\\\/en\\\/#\\\/schema\\\/logo\\\/image\\\/\"}}]}<\/script>\n<!-- \/ Yoast SEO plugin. -->","yoast_head_json":{"title":"Avis Juridique - La maison blanche de martue english","robots":{"index":"noindex","follow":"nofollow"},"og_locale":"es_ES","og_type":"article","og_title":"Avis Juridique - La maison blanche de martue english","og_description":"AVIS JURIDIQUE ET CONDITIONS G\u00c9N\u00c9RALES D&#8217;UTILISATION https:\/\/lamaisonblanchedemartue.com I. INFO GENERALE Conform\u00e9ment \u00e0 l&#8217;obligation d&#8217;information pr\u00e9vue par la loi 34\/2002 sur les services de la soci\u00e9t\u00e9 de l&#8217;information et du commerce \u00e9lectronique (LSSI-CE) du 11 juillet, ce site web fournit les informations g\u00e9n\u00e9rales suivantes La propri\u00e9t\u00e9 de ce site web, https:\/\/lamaisonblanchedemartue.com, (ci-apr\u00e8s d\u00e9nomm\u00e9 \u00absite web\u00bb) est [&hellip;]","og_url":"https:\/\/lamaisonblanchedemartue.com\/en\/avis-juridique\/","og_site_name":"La maison blanche de martue english","article_modified_time":"2023-03-28T09:28:30+00:00","twitter_card":"summary_large_image","twitter_misc":{"Tiempo de lectura":"8 minutos"},"schema":{"@context":"https:\/\/schema.org","@graph":[{"@type":"WebPage","@id":"https:\/\/lamaisonblanchedemartue.com\/en\/avis-juridique\/","url":"https:\/\/lamaisonblanchedemartue.com\/en\/avis-juridique\/","name":"Avis Juridique - La maison blanche de martue english","isPartOf":{"@id":"https:\/\/lamaisonblanchedemartue.com\/en\/#website"},"datePublished":"2022-09-19T11:03:22+00:00","dateModified":"2023-03-28T09:28:30+00:00","breadcrumb":{"@id":"https:\/\/lamaisonblanchedemartue.com\/en\/avis-juridique\/#breadcrumb"},"inLanguage":"es","potentialAction":[{"@type":"ReadAction","target":["https:\/\/lamaisonblanchedemartue.com\/en\/avis-juridique\/"]}]},{"@type":"BreadcrumbList","@id":"https:\/\/lamaisonblanchedemartue.com\/en\/avis-juridique\/#breadcrumb","itemListElement":[{"@type":"ListItem","position":1,"name":"Portada","item":"https:\/\/lamaisonblanchedemartue.com\/en\/"},{"@type":"ListItem","position":2,"name":"Avis Juridique"}]},{"@type":"WebSite","@id":"https:\/\/lamaisonblanchedemartue.com\/en\/#website","url":"https:\/\/lamaisonblanchedemartue.com\/en\/","name":"La maison blanche de martue english","description":"Chambres d h\u00f4tes Belgique","publisher":{"@id":"https:\/\/lamaisonblanchedemartue.com\/en\/#organization"},"potentialAction":[{"@type":"SearchAction","target":{"@type":"EntryPoint","urlTemplate":"https:\/\/lamaisonblanchedemartue.com\/en\/?s={search_term_string}"},"query-input":{"@type":"PropertyValueSpecification","valueRequired":true,"valueName":"search_term_string"}}],"inLanguage":"es"},{"@type":"Organization","@id":"https:\/\/lamaisonblanchedemartue.com\/en\/#organization","name":"La maison blanche de martue english","url":"https:\/\/lamaisonblanchedemartue.com\/en\/","logo":{"@type":"ImageObject","inLanguage":"es","@id":"https:\/\/lamaisonblanchedemartue.com\/en\/#\/schema\/logo\/image\/","url":"https:\/\/lamaisonblanchedemartue.com\/en\/wp-content\/uploads\/sites\/2\/Maison-Blanche-de-Martue-Logo-Blanco.webp","contentUrl":"https:\/\/lamaisonblanchedemartue.com\/en\/wp-content\/uploads\/sites\/2\/Maison-Blanche-de-Martue-Logo-Blanco.webp","width":1000,"height":562,"caption":"La maison blanche de martue english"},"image":{"@id":"https:\/\/lamaisonblanchedemartue.com\/en\/#\/schema\/logo\/image\/"}}]}},"_links":{"self":[{"href":"https:\/\/lamaisonblanchedemartue.com\/en\/wp-json\/wp\/v2\/pages\/27","targetHints":{"allow":["GET"]}}],"collection":[{"href":"https:\/\/lamaisonblanchedemartue.com\/en\/wp-json\/wp\/v2\/pages"}],"about":[{"href":"https:\/\/lamaisonblanchedemartue.com\/en\/wp-json\/wp\/v2\/types\/page"}],"author":[{"embeddable":true,"href":"https:\/\/lamaisonblanchedemartue.com\/en\/wp-json\/wp\/v2\/users\/1"}],"replies":[{"embeddable":true,"href":"https:\/\/lamaisonblanchedemartue.com\/en\/wp-json\/wp\/v2\/comments?post=27"}],"version-history":[{"count":14,"href":"https:\/\/lamaisonblanchedemartue.com\/en\/wp-json\/wp\/v2\/pages\/27\/revisions"}],"predecessor-version":[{"id":2923,"href":"https:\/\/lamaisonblanchedemartue.com\/en\/wp-json\/wp\/v2\/pages\/27\/revisions\/2923"}],"wp:attachment":[{"href":"https:\/\/lamaisonblanchedemartue.com\/en\/wp-json\/wp\/v2\/media?parent=27"}],"curies":[{"name":"wp","href":"https:\/\/api.w.org\/{rel}","templated":true}]}}